{"id":92,"date":"2022-07-21T19:39:55","date_gmt":"2022-07-21T19:39:55","guid":{"rendered":"http:\/\/cartaoespecialista.com.br\/?page_id=92"},"modified":"2022-12-14T20:49:35","modified_gmt":"2022-12-14T20:49:35","slug":"quem-somos","status":"publish","type":"page","link":"http:\/\/cartaoespecialista.com.br\/index.php\/quem-somos\/","title":{"rendered":"Quem somos"},"content":{"rendered":"\t\t<div data-elementor-type=\"wp-page\" data-elementor-id=\"92\" class=\"elementor elementor-92\">\n\t\t\t\t\t\t<div class=\"elementor-inner\">\n\t\t\t\t<div class=\"elementor-section-wrap\">\n\t\t\t\t\t\t\t\t\t<section class=\"elementor-section elementor-top-section elementor-element elementor-element-a4ad747 elementor-section-boxed elementor-section-height-default elementor-section-height-default\" data-id=\"a4ad747\" data-element_type=\"section\" data-settings=\"{&quot;background_background&quot;:&quot;classic&quot;}\">\n\t\t\t\t\t\t<div class=\"elementor-container elementor-column-gap-default\">\n\t\t\t\t\t\t\t<div class=\"elementor-row\">\n\t\t\t\t\t<div class=\"elementor-column elementor-col-100 elementor-top-column elementor-element elementor-element-311dc39\" data-id=\"311dc39\" data-element_type=\"column\">\n\t\t\t<div class=\"elementor-column-wrap elementor-element-populated\">\n\t\t\t\t\t\t\t<div class=\"elementor-widget-wrap\">\n\t\t\t\t\t\t<div class=\"elementor-element elementor-element-af6bc50 elementor-widget elementor-widget-heading\" data-id=\"af6bc50\" data-element_type=\"widget\" data-widget_type=\"heading.default\">\n\t\t\t\t<div class=\"elementor-widget-container\">\n\t\t\t<h2 class=\"elementor-heading-title elementor-size-default\">Quem somos<\/h2>\t\t<\/div>\n\t\t\t\t<\/div>\n\t\t\t\t<div class=\"elementor-element elementor-element-c57a896 elementor-widget elementor-widget-image\" data-id=\"c57a896\" data-element_type=\"widget\" data-widget_type=\"image.default\">\n\t\t\t\t<div class=\"elementor-widget-container\">\n\t\t\t\t\t\t\t\t<div class=\"elementor-image\">\n\t\t\t\t\t\t\t\t\t\t\t\t<img loading=\"lazy\" decoding=\"async\" width=\"800\" height=\"858\" src=\"http:\/\/cartaoespecialista.com.br\/wp-content\/uploads\/2022\/12\/Card-v3.png\" class=\"attachment-large size-large wp-image-1631\" alt=\"\" srcset=\"http:\/\/cartaoespecialista.com.br\/wp-content\/uploads\/2022\/12\/Card-v3.png 800w, http:\/\/cartaoespecialista.com.br\/wp-content\/uploads\/2022\/12\/Card-v3-280x300.png 280w, http:\/\/cartaoespecialista.com.br\/wp-content\/uploads\/2022\/12\/Card-v3-768x824.png 768w\" sizes=\"auto, (max-width: 800px) 100vw, 800px\" \/>\t\t\t\t\t\t\t\t\t\t\t\t\t\t<\/div>\n\t\t\t\t\t\t<\/div>\n\t\t\t\t<\/div>\n\t\t\t\t<div class=\"elementor-element elementor-element-66adcc3 elementor-widget elementor-widget-text-editor\" data-id=\"66adcc3\" data-element_type=\"widget\" data-widget_type=\"text-editor.default\">\n\t\t\t\t<div class=\"elementor-widget-container\">\n\t\t\t\t\t\t\t\t<div class=\"elementor-text-editor elementor-clearfix\">\n\t\t\t\t<p>Somos uma rede de profissionais e servi\u00e7os que cooperam para o seu bem-estar. N\u00e3o somos um plano de sa\u00fade, somos uma rede de m\u00e9dicos e outros especialistas que oferecem servi\u00e7os de sa\u00fade como consultas particulares, exames cl\u00ednicos, laboratoriais e de imagem, tratamentos odontol\u00f3gicos, aux\u00edlio funeral e outras especialidades com descontos exclusivos.<\/p><p>A proposta do Cart\u00e3o Especialista \u00e9 democratizar o acesso a servi\u00e7os de sa\u00fade, odontologia e consultas m\u00e9dicas particulares. <strong>Aqui voc\u00ea paga menos de R$ 1 por dia<\/strong> (somente no plano individual) e tem acesso aos melhores especialistas da cidade com muitos descontos e benef\u00edcios.<\/p>\t\t\t\t\t<\/div>\n\t\t\t\t\t\t<\/div>\n\t\t\t\t<\/div>\n\t\t\t\t\t\t<\/div>\n\t\t\t\t\t<\/div>\n\t\t<\/div>\n\t\t\t\t\t\t\t\t<\/div>\n\t\t\t\t\t<\/div>\n\t\t<\/section>\n\t\t\t\t<section class=\"elementor-section elementor-top-section elementor-element elementor-element-342d200 elementor-section-boxed elementor-section-height-default elementor-section-height-default\" data-id=\"342d200\" data-element_type=\"section\">\n\t\t\t\t\t\t<div class=\"elementor-container elementor-column-gap-default\">\n\t\t\t\t\t\t\t<div class=\"elementor-row\">\n\t\t\t\t\t<div class=\"elementor-column elementor-col-100 elementor-top-column elementor-element elementor-element-5068a42\" data-id=\"5068a42\" data-element_type=\"column\">\n\t\t\t<div class=\"elementor-column-wrap elementor-element-populated\">\n\t\t\t\t\t\t\t<div class=\"elementor-widget-wrap\">\n\t\t\t\t\t\t<div class=\"elementor-element elementor-element-c5b250e elementor-align-center elementor-widget elementor-widget-button\" data-id=\"c5b250e\" data-element_type=\"widget\" data-widget_type=\"button.default\">\n\t\t\t\t<div class=\"elementor-widget-container\">\n\t\t\t\t\t<div class=\"elementor-button-wrapper\">\n\t\t\t<a href=\"https:\/\/api.whatsapp.com\/send?phone=553330381980&#038;text=Ol%C3%A1!%20Gostaria%20de%20me%20tornar%20um%20associado%20do%20Cart%C3%A3o%20Especialista.\" class=\"elementor-button-link elementor-button elementor-size-sm\" role=\"button\">\n\t\t\t\t\t\t<span class=\"elementor-button-content-wrapper\">\n\t\t\t\t\t\t<span class=\"elementor-button-text\">Clique aqui para solicitar o seu cart\u00e3o<\/span>\n\t\t<\/span>\n\t\t\t\t\t<\/a>\n\t\t<\/div>\n\t\t\t\t<\/div>\n\t\t\t\t<\/div>\n\t\t\t\t\t\t<\/div>\n\t\t\t\t\t<\/div>\n\t\t<\/div>\n\t\t\t\t\t\t\t\t<\/div>\n\t\t\t\t\t<\/div>\n\t\t<\/section>\n\t\t\t\t\t\t\t\t\t<\/div>\n\t\t\t<\/div>\n\t\t\t\t\t<\/div>\n\t\t","protected":false},"excerpt":{"rendered":"<p>Quem somos Somos uma rede de profissionais e servi\u00e7os que cooperam para o seu bem-estar. N\u00e3o somos um plano de sa\u00fade, somos uma rede de m\u00e9dicos e outros especialistas que oferecem servi\u00e7os de sa\u00fade como consultas particulares, exames cl\u00ednicos, laboratoriais e de imagem, tratamentos odontol\u00f3gicos, aux\u00edlio funeral e outras especialidades com descontos exclusivos. A proposta [&hellip;]<\/p>\n","protected":false},"author":1,"featured_media":0,"parent":0,"menu_order":0,"comment_status":"closed","ping_status":"closed","template":"elementor_header_footer","meta":{"om_disable_all_campaigns":false,"_monsterinsights_skip_tracking":false,"_monsterinsights_sitenote_active":false,"_monsterinsights_sitenote_note":"","_monsterinsights_sitenote_category":0,"footnotes":""},"class_list":["post-92","page","type-page","status-publish","hentry"],"acf":[],"aioseo_notices":[],"_links":{"self":[{"href":"http:\/\/cartaoespecialista.com.br\/index.php\/wp-json\/wp\/v2\/pages\/92","targetHints":{"allow":["GET"]}}],"collection":[{"href":"http:\/\/cartaoespecialista.com.br\/index.php\/wp-json\/wp\/v2\/pages"}],"about":[{"href":"http:\/\/cartaoespecialista.com.br\/index.php\/wp-json\/wp\/v2\/types\/page"}],"author":[{"embeddable":true,"href":"http:\/\/cartaoespecialista.com.br\/index.php\/wp-json\/wp\/v2\/users\/1"}],"replies":[{"embeddable":true,"href":"http:\/\/cartaoespecialista.com.br\/index.php\/wp-json\/wp\/v2\/comments?post=92"}],"version-history":[{"count":64,"href":"http:\/\/cartaoespecialista.com.br\/index.php\/wp-json\/wp\/v2\/pages\/92\/revisions"}],"predecessor-version":[{"id":1634,"href":"http:\/\/cartaoespecialista.com.br\/index.php\/wp-json\/wp\/v2\/pages\/92\/revisions\/1634"}],"wp:attachment":[{"href":"http:\/\/cartaoespecialista.com.br\/index.php\/wp-json\/wp\/v2\/media?parent=92"}],"curies":[{"name":"wp","href":"https:\/\/api.w.org\/{rel}","templated":true}]}}