{"id":49,"date":"2022-07-21T16:43:58","date_gmt":"2022-07-21T16:43:58","guid":{"rendered":"http:\/\/cartaoespecialista.com.br\/?page_id=49"},"modified":"2022-09-13T19:13:32","modified_gmt":"2022-09-13T19:13:32","slug":"blog","status":"publish","type":"page","link":"http:\/\/cartaoespecialista.com.br\/index.php\/blog\/","title":{"rendered":"Blog"},"content":{"rendered":"\t\t<div data-elementor-type=\"wp-page\" data-elementor-id=\"49\" class=\"elementor elementor-49\">\n\t\t\t\t\t\t<div class=\"elementor-inner\">\n\t\t\t\t<div class=\"elementor-section-wrap\">\n\t\t\t\t\t\t\t\t\t<section class=\"elementor-section elementor-top-section elementor-element elementor-element-1a1e001 elementor-section-boxed elementor-section-height-default elementor-section-height-default\" data-id=\"1a1e001\" data-element_type=\"section\">\n\t\t\t\t\t\t<div class=\"elementor-container elementor-column-gap-default\">\n\t\t\t\t\t\t\t<div class=\"elementor-row\">\n\t\t\t\t\t<div class=\"elementor-column elementor-col-100 elementor-top-column elementor-element elementor-element-2b9007a\" data-id=\"2b9007a\" data-element_type=\"column\">\n\t\t\t<div class=\"elementor-column-wrap elementor-element-populated\">\n\t\t\t\t\t\t\t<div class=\"elementor-widget-wrap\">\n\t\t\t\t\t\t<div class=\"elementor-element elementor-element-2f09bcf elementor-widget elementor-widget-heading\" data-id=\"2f09bcf\" data-element_type=\"widget\" data-widget_type=\"heading.default\">\n\t\t\t\t<div class=\"elementor-widget-container\">\n\t\t\t<h2 class=\"elementor-heading-title elementor-size-default\">Blog<\/h2>\t\t<\/div>\n\t\t\t\t<\/div>\n\t\t\t\t<div class=\"elementor-element elementor-element-b6f1d1c elementor-widget elementor-widget-text-editor\" data-id=\"b6f1d1c\" data-element_type=\"widget\" data-widget_type=\"text-editor.default\">\n\t\t\t\t<div class=\"elementor-widget-container\">\n\t\t\t\t\t\t\t\t<div class=\"elementor-text-editor elementor-clearfix\">\n\t\t\t\t<p>Fique por dentro das nossas dicas e novidades do Cart\u00e3o Especialista em facilitar sua vida!<\/p>\t\t\t\t\t<\/div>\n\t\t\t\t\t\t<\/div>\n\t\t\t\t<\/div>\n\t\t\t\t<div class=\"elementor-element elementor-element-2976483 elementor-posts--align-left elementor-grid-3 elementor-grid-tablet-2 elementor-grid-mobile-1 elementor-posts--thumbnail-top elementor-widget elementor-widget-posts\" data-id=\"2976483\" data-element_type=\"widget\" data-settings=\"{&quot;classic_columns&quot;:&quot;3&quot;,&quot;classic_columns_tablet&quot;:&quot;2&quot;,&quot;classic_columns_mobile&quot;:&quot;1&quot;,&quot;classic_row_gap&quot;:{&quot;unit&quot;:&quot;px&quot;,&quot;size&quot;:35,&quot;sizes&quot;:[]},&quot;classic_row_gap_tablet&quot;:{&quot;unit&quot;:&quot;px&quot;,&quot;size&quot;:&quot;&quot;,&quot;sizes&quot;:[]},&quot;classic_row_gap_mobile&quot;:{&quot;unit&quot;:&quot;px&quot;,&quot;size&quot;:&quot;&quot;,&quot;sizes&quot;:[]}}\" data-widget_type=\"posts.classic\">\n\t\t\t\t<div class=\"elementor-widget-container\">\n\t\t\t\t\t<div class=\"elementor-posts-container elementor-posts elementor-posts--skin-classic elementor-grid\">\n\t\t\t\t<article class=\"elementor-post elementor-grid-item post-1649 post type-post status-publish format-standard has-post-thumbnail hentry category-uncategorized tag-bem-estar tag-cartaoespecialista tag-dentista tag-exames tag-medico tag-saude\">\n\t\t\t\t<a class=\"elementor-post__thumbnail__link\" href=\"http:\/\/cartaoespecialista.com.br\/index.php\/2023\/02\/06\/nao-e-apenas-um-cartao-de-descontos-e-mais-saude-para-voce-e-sua-familia\/\" target=&quot;_blank&quot;>\n\t\t\t<div class=\"elementor-post__thumbnail\"><img loading=\"lazy\" decoding=\"async\" width=\"300\" height=\"155\" src=\"http:\/\/cartaoespecialista.com.br\/wp-content\/uploads\/2023\/02\/blog_n_o_apenas_um_cart_o_de_descontos-300x155.png\" class=\"attachment-medium size-medium wp-image-1650\" alt=\"\" srcset=\"http:\/\/cartaoespecialista.com.br\/wp-content\/uploads\/2023\/02\/blog_n_o_apenas_um_cart_o_de_descontos-300x155.png 300w, http:\/\/cartaoespecialista.com.br\/wp-content\/uploads\/2023\/02\/blog_n_o_apenas_um_cart_o_de_descontos-1024x529.png 1024w, http:\/\/cartaoespecialista.com.br\/wp-content\/uploads\/2023\/02\/blog_n_o_apenas_um_cart_o_de_descontos-768x397.png 768w, http:\/\/cartaoespecialista.com.br\/wp-content\/uploads\/2023\/02\/blog_n_o_apenas_um_cart_o_de_descontos.png 1200w\" sizes=\"auto, (max-width: 300px) 100vw, 300px\" \/><\/div>\n\t\t<\/a>\n\t\t\t\t<div class=\"elementor-post__text\">\n\t\t\t\t<h3 class=\"elementor-post__title\">\n\t\t\t<a href=\"http:\/\/cartaoespecialista.com.br\/index.php\/2023\/02\/06\/nao-e-apenas-um-cartao-de-descontos-e-mais-saude-para-voce-e-sua-familia\/\" target=&quot;_blank&quot;>\n\t\t\t\tN\u00e3o \u00e9 apenas um cart\u00e3o de descontos: \u00e9 mais sa\u00fade para voc\u00ea e sua fam\u00edlia\t\t\t<\/a>\n\t\t<\/h3>\n\t\t\t\t<div class=\"elementor-post__meta-data\">\n\t\t\t\t\t<span class=\"elementor-post-date\">\n\t\t\tfevereiro 6, 2023\t\t<\/span>\n\t\t\t\t<\/div>\n\t\t\t\t<div class=\"elementor-post__excerpt\">\n\t\t\t<p>O&nbsp; segmento privado da sa\u00fade vem ganhando espa\u00e7o entre a popula\u00e7\u00e3o brasileira. A demora no atendimento p\u00fablico e as longas filas do SUS para procedimentos<\/p>\n\t\t<\/div>\n\t\t\n\t\t<a class=\"elementor-post__read-more\" href=\"http:\/\/cartaoespecialista.com.br\/index.php\/2023\/02\/06\/nao-e-apenas-um-cartao-de-descontos-e-mais-saude-para-voce-e-sua-familia\/\" target=\"_blank\">\n\t\t\tLeia mais \u00bb\t\t<\/a>\n\n\t\t\t\t<\/div>\n\t\t\t\t<\/article>\n\t\t\t\t<\/div>\n\n\n\t\t\n\t\t\t\t<\/div>\n\t\t\t\t<\/div>\n\t\t\t\t\t\t<\/div>\n\t\t\t\t\t<\/div>\n\t\t<\/div>\n\t\t\t\t\t\t\t\t<\/div>\n\t\t\t\t\t<\/div>\n\t\t<\/section>\n\t\t\t\t\t\t\t\t\t<\/div>\n\t\t\t<\/div>\n\t\t\t\t\t<\/div>\n\t\t","protected":false},"excerpt":{"rendered":"<p>Blog Fique por dentro das nossas dicas e novidades do Cart\u00e3o Especialista em facilitar sua vida!<\/p>\n","protected":false},"author":1,"featured_media":0,"parent":0,"menu_order":0,"comment_status":"closed","ping_status":"closed","template":"elementor_header_footer","meta":{"om_disable_all_campaigns":false,"_monsterinsights_skip_tracking":false,"_monsterinsights_sitenote_active":false,"_monsterinsights_sitenote_note":"","_monsterinsights_sitenote_category":0,"footnotes":""},"class_list":["post-49","page","type-page","status-publish","hentry"],"acf":[],"aioseo_notices":[],"_links":{"self":[{"href":"http:\/\/cartaoespecialista.com.br\/index.php\/wp-json\/wp\/v2\/pages\/49","targetHints":{"allow":["GET"]}}],"collection":[{"href":"http:\/\/cartaoespecialista.com.br\/index.php\/wp-json\/wp\/v2\/pages"}],"about":[{"href":"http:\/\/cartaoespecialista.com.br\/index.php\/wp-json\/wp\/v2\/types\/page"}],"author":[{"embeddable":true,"href":"http:\/\/cartaoespecialista.com.br\/index.php\/wp-json\/wp\/v2\/users\/1"}],"replies":[{"embeddable":true,"href":"http:\/\/cartaoespecialista.com.br\/index.php\/wp-json\/wp\/v2\/comments?post=49"}],"version-history":[{"count":40,"href":"http:\/\/cartaoespecialista.com.br\/index.php\/wp-json\/wp\/v2\/pages\/49\/revisions"}],"predecessor-version":[{"id":1479,"href":"http:\/\/cartaoespecialista.com.br\/index.php\/wp-json\/wp\/v2\/pages\/49\/revisions\/1479"}],"wp:attachment":[{"href":"http:\/\/cartaoespecialista.com.br\/index.php\/wp-json\/wp\/v2\/media?parent=49"}],"curies":[{"name":"wp","href":"https:\/\/api.w.org\/{rel}","templated":true}]}}